{"id":2185,"date":"2025-10-27T10:07:55","date_gmt":"2025-10-27T13:07:55","guid":{"rendered":"https:\/\/institutoceres.com.br\/?page_id=2185"},"modified":"2025-10-27T10:13:43","modified_gmt":"2025-10-27T13:13:43","slug":"sobre-o-ceres","status":"publish","type":"page","link":"https:\/\/institutoceres.com.br\/index.php\/sobre-o-ceres\/","title":{"rendered":"Pol\u00edtica anticorrup\u00e7\u00e3o"},"content":{"rendered":"\t\t<div data-elementor-type=\"wp-page\" data-elementor-id=\"2185\" class=\"elementor elementor-2185\">\n\t\t\t\t\t\t<section class=\"elementor-section elementor-top-section elementor-element elementor-element-c8ddeb6 elementor-section-height-min-height elementor-section-boxed elementor-section-height-default elementor-section-items-middle\" data-id=\"c8ddeb6\" data-element_type=\"section\" data-e-type=\"section\" data-settings=\"{&quot;background_background&quot;:&quot;classic&quot;}\">\n\t\t\t\t\t\t\t<div class=\"elementor-background-overlay\"><\/div>\n\t\t\t\t\t\t\t<div class=\"elementor-container elementor-column-gap-default\">\n\t\t\t\t\t<div class=\"elementor-column elementor-col-100 elementor-top-column elementor-element elementor-element-6a5337e\" data-id=\"6a5337e\" data-element_type=\"column\" data-e-type=\"column\">\n\t\t\t<div class=\"elementor-widget-wrap elementor-element-populated\">\n\t\t\t\t\t\t<div class=\"elementor-element elementor-element-feefb6c elementor-widget elementor-widget-heading\" data-id=\"feefb6c\" data-element_type=\"widget\" data-e-type=\"widget\" data-widget_type=\"heading.default\">\n\t\t\t\t<div class=\"elementor-widget-container\">\n\t\t\t\t\t<h1 class=\"elementor-heading-title elementor-size-default\">pol\u00edtica <br>anticorrup\u00e7\u00e3o<\/h1>\t\t\t\t<\/div>\n\t\t\t\t<\/div>\n\t\t\t\t\t<\/div>\n\t\t<\/div>\n\t\t\t\t\t<\/div>\n\t\t<\/section>\n\t\t\t\t<section class=\"elementor-section elementor-top-section elementor-element elementor-element-58883a9 elementor-section-boxed elementor-section-height-default elementor-section-height-default\" data-id=\"58883a9\" data-element_type=\"section\" data-e-type=\"section\">\n\t\t\t\t\t\t<div class=\"elementor-container elementor-column-gap-default\">\n\t\t\t\t\t<div class=\"elementor-column elementor-col-100 elementor-top-column elementor-element elementor-element-19df36a\" data-id=\"19df36a\" data-element_type=\"column\" data-e-type=\"column\">\n\t\t\t<div class=\"elementor-widget-wrap elementor-element-populated\">\n\t\t\t\t\t\t<div class=\"elementor-element elementor-element-af4fadf elementor-widget-divider--view-line elementor-widget elementor-widget-divider\" data-id=\"af4fadf\" data-element_type=\"widget\" data-e-type=\"widget\" data-widget_type=\"divider.default\">\n\t\t\t\t<div class=\"elementor-widget-container\">\n\t\t\t\t\t\t\t<div class=\"elementor-divider\">\n\t\t\t<span class=\"elementor-divider-separator\">\n\t\t\t\t\t\t<\/span>\n\t\t<\/div>\n\t\t\t\t\t\t<\/div>\n\t\t\t\t<\/div>\n\t\t\t\t\t<\/div>\n\t\t<\/div>\n\t\t\t\t\t<\/div>\n\t\t<\/section>\n\t\t\t\t<section class=\"elementor-section elementor-top-section elementor-element elementor-element-2ae757f elementor-section-boxed elementor-section-height-default elementor-section-height-default\" data-id=\"2ae757f\" data-element_type=\"section\" data-e-type=\"section\">\n\t\t\t\t\t\t<div class=\"elementor-container elementor-column-gap-default\">\n\t\t\t\t\t<div class=\"elementor-column elementor-col-100 elementor-top-column elementor-element elementor-element-a755c07\" data-id=\"a755c07\" data-element_type=\"column\" data-e-type=\"column\">\n\t\t\t<div class=\"elementor-widget-wrap elementor-element-populated\">\n\t\t\t\t\t\t<div class=\"elementor-element elementor-element-7a31c57 elementor-widget elementor-widget-heading\" data-id=\"7a31c57\" data-element_type=\"widget\" data-e-type=\"widget\" data-widget_type=\"heading.default\">\n\t\t\t\t<div class=\"elementor-widget-container\">\n\t\t\t\t\t<h2 class=\"elementor-heading-title elementor-size-default\"><b>Nossa pol\u00edtica anticorrup\u00e7\u00e3o<\/b><\/h2>\t\t\t\t<\/div>\n\t\t\t\t<\/div>\n\t\t\t\t\t<\/div>\n\t\t<\/div>\n\t\t\t\t\t<\/div>\n\t\t<\/section>\n\t\t\t\t<section class=\"elementor-section elementor-top-section elementor-element elementor-element-98106fe elementor-section-boxed elementor-section-height-default elementor-section-height-default\" data-id=\"98106fe\" data-element_type=\"section\" data-e-type=\"section\">\n\t\t\t\t\t\t<div class=\"elementor-container elementor-column-gap-default\">\n\t\t\t\t\t<div class=\"elementor-column elementor-col-100 elementor-top-column elementor-element elementor-element-583ee82\" data-id=\"583ee82\" data-element_type=\"column\" data-e-type=\"column\">\n\t\t\t<div class=\"elementor-widget-wrap elementor-element-populated\">\n\t\t\t\t\t\t<div class=\"elementor-element elementor-element-f2ea646 elementor-widget-divider--view-line elementor-widget elementor-widget-divider\" data-id=\"f2ea646\" data-element_type=\"widget\" data-e-type=\"widget\" data-widget_type=\"divider.default\">\n\t\t\t\t<div class=\"elementor-widget-container\">\n\t\t\t\t\t\t\t<div class=\"elementor-divider\">\n\t\t\t<span class=\"elementor-divider-separator\">\n\t\t\t\t\t\t<\/span>\n\t\t<\/div>\n\t\t\t\t\t\t<\/div>\n\t\t\t\t<\/div>\n\t\t\t\t\t<\/div>\n\t\t<\/div>\n\t\t\t\t\t<\/div>\n\t\t<\/section>\n\t\t<div class=\"elementor-element elementor-element-39a7e4a e-grid e-con-boxed e-con e-parent\" data-id=\"39a7e4a\" data-element_type=\"container\" data-e-type=\"container\">\n\t\t\t\t\t<div class=\"e-con-inner\">\n\t\t\t\t<div class=\"elementor-element elementor-element-320e591 elementor-widget elementor-widget-text-editor\" data-id=\"320e591\" data-element_type=\"widget\" data-e-type=\"widget\" data-widget_type=\"text-editor.default\">\n\t\t\t\t<div class=\"elementor-widget-container\">\n\t\t\t\t\t\t\t\t\t<p><strong>Pol\u00edtica de Integridade e Anticorrup\u00e7\u00e3o do Instituto Ceres<\/strong><\/p><p>O Instituto Ceres refor\u00e7a seu compromisso com princ\u00edpios \u00e9ticos, legais e transparentes em todas as suas atividades. Nosso prop\u00f3sito \u00e9 atuar com responsabilidade e respeito, contribuindo para o desenvolvimento da cadeia de alimentos e bebidas no Brasil, preservando a integridade em cada rela\u00e7\u00e3o comercial, t\u00e9cnica e institucional.<br \/>Esta Pol\u00edtica se aplica a todos os colaboradores, representantes, docentes, consultores, fornecedores, parceiros e quaisquer terceiros que atuem em nome do Instituto Ceres.<\/p><p><br \/><strong>1. Princ\u00edpios e Diretrizes<\/strong><br \/>O Instituto Ceres adota postura de toler\u00e2ncia zero \u00e0 corrup\u00e7\u00e3o e a qualquer pr\u00e1tica que viole legisla\u00e7\u00f5es nacionais ou internacionais relacionadas ao tema, tais como a Lei n\u00ba 12.846\/2013 (Lei Anticorrup\u00e7\u00e3o Brasileira).<br \/>S\u00e3o proibidas:<br \/>\u2022Ofertas, promessas, solicita\u00e7\u00f5es ou recebimentos de vantagens indevidas<br \/>\u2022Pagamentos de facilita\u00e7\u00e3o ou favorecimento<br \/>\u2022Fraudes em licita\u00e7\u00f5es, contratos ou qualquer processo comercial<br \/>\u2022Conluio ou favorecimento de interesses particulares em detrimento de clientes ou parceiros<br \/>\u2022Lavagem de dinheiro ou financiamento de pr\u00e1ticas il\u00edcitas. Toda e qualquer intera\u00e7\u00e3o com agentes p\u00fablicos deve ser pautada por transpar\u00eancia, finalidade leg\u00edtima e registro apropriado.<\/p><p><br \/><strong>2. Relacionamento com Clientes, Parceiros e Fornecedores<\/strong><br \/>As decis\u00f5es comerciais do Instituto Ceres s\u00e3o baseadas exclusivamente em crit\u00e9rios t\u00e9cnicos, legais e \u00e9ticos. Exigimos que nossos fornecedores e parceiros respeitem os mesmos padr\u00f5es de integridade que adotamos internamente.<\/p><p><br \/><strong>3. Registros e Transpar\u00eancia<\/strong><br \/>Todos os servi\u00e7os, pagamentos, contratos, benef\u00edcios e despesas devem ser devidamente registrados e documentados com exatid\u00e3o, respeitando normas fiscais e cont\u00e1beis vigentes.<\/p><p><br \/><strong>4. Conflito de Interesses<\/strong><br \/>Qualquer situa\u00e7\u00e3o que possa comprometer a imparcialidade de decis\u00f5es deve ser imediatamente comunicada \u00e0 dire\u00e7\u00e3o do Instituto Ceres para a ado\u00e7\u00e3o das medidas adequadas.<\/p><p><br \/><strong>5. Treinamento e Conscientiza\u00e7\u00e3o<\/strong><\/p><p>Buscamos disseminar a cultura de integridade entre nossos profissionais, por meio de orienta\u00e7\u00f5es cont\u00ednuas e atualiza\u00e7\u00e3o sobre pr\u00e1ticas \u00e9ticas e legais aplic\u00e1veis ao setor de alimentos e bebidas.<\/p><p><strong>6. Canal de Den\u00fancias<\/strong><br \/>O Instituto Ceres disponibiliza meios seguros e confidenciais para comunica\u00e7\u00e3o de condutas que violem esta Pol\u00edtica ou qualquer legisla\u00e7\u00e3o vigente. Todas as den\u00fancias ser\u00e3o analisadas com seriedade, garantindo prote\u00e7\u00e3o contra retalia\u00e7\u00f5es.<br \/><strong>Contato: ouvidoria@institutoceres.com.br<\/strong><\/p><p>\u00a0<\/p><p><strong>7. Consequ\u00eancias do Descumprimento<\/strong><br \/>A viola\u00e7\u00e3o desta Pol\u00edtica pode resultar em medidas disciplinares, civis e criminais, conforme a gravidade da conduta e a legisla\u00e7\u00e3o aplic\u00e1vel.<br \/>Esta Pol\u00edtica \u00e9 um compromisso p\u00fablico do Instituto Ceres com a \u00e9tica, a legalidade e o desenvolvimento sustent\u00e1vel do setor.<\/p>\t\t\t\t\t\t\t\t<\/div>\n\t\t\t\t<\/div>\n\t\t\t\t\t<\/div>\n\t\t\t\t<\/div>\n\t\t\t\t<section class=\"elementor-section elementor-top-section elementor-element elementor-element-4bda136 elementor-section-boxed elementor-section-height-default elementor-section-height-default\" data-id=\"4bda136\" data-element_type=\"section\" data-e-type=\"section\">\n\t\t\t\t\t\t<div class=\"elementor-container elementor-column-gap-default\">\n\t\t\t\t\t<div class=\"elementor-column elementor-col-25 elementor-top-column elementor-element elementor-element-7a31080\" data-id=\"7a31080\" data-element_type=\"column\" data-e-type=\"column\">\n\t\t\t<div class=\"elementor-widget-wrap\">\n\t\t\t\t\t\t\t<\/div>\n\t\t<\/div>\n\t\t\t\t<div class=\"elementor-column elementor-col-50 elementor-top-column elementor-element elementor-element-ffb7b9e\" data-id=\"ffb7b9e\" data-element_type=\"column\" data-e-type=\"column\">\n\t\t\t<div class=\"elementor-widget-wrap elementor-element-populated\">\n\t\t\t\t\t\t<div class=\"elementor-element elementor-element-8fcf257 elementor-widget elementor-widget-text-editor\" data-id=\"8fcf257\" data-element_type=\"widget\" data-e-type=\"widget\" data-widget_type=\"text-editor.default\">\n\t\t\t\t<div class=\"elementor-widget-container\">\n\t\t\t\t\t\t\t\t\t<h5 style=\"font-style: normal; text-align: center;\">Composto por profissionais que temos muito orgulho de ter conosco. Somos um time afiado, com diferentes conhecimentos,\u00a0 vis\u00f5es, viv\u00eancias e habilidades, mas alinhados com a pedagogia &#8220;Jeitinho Ceres&#8221;<\/h5>\t\t\t\t\t\t\t\t<\/div>\n\t\t\t\t<\/div>\n\t\t\t\t\t<\/div>\n\t\t<\/div>\n\t\t\t\t<div class=\"elementor-column elementor-col-25 elementor-top-column elementor-element elementor-element-ad3cc4b\" data-id=\"ad3cc4b\" data-element_type=\"column\" data-e-type=\"column\">\n\t\t\t<div class=\"elementor-widget-wrap\">\n\t\t\t\t\t\t\t<\/div>\n\t\t<\/div>\n\t\t\t\t\t<\/div>\n\t\t<\/section>\n\t\t\t\t<section class=\"elementor-section elementor-top-section elementor-element elementor-element-07b0936 elementor-section-boxed elementor-section-height-default elementor-section-height-default\" data-id=\"07b0936\" data-element_type=\"section\" data-e-type=\"section\">\n\t\t\t\t\t\t<div class=\"elementor-container elementor-column-gap-default\">\n\t\t\t\t\t<div class=\"elementor-column elementor-col-100 elementor-top-column elementor-element elementor-element-58edc98\" data-id=\"58edc98\" data-element_type=\"column\" data-e-type=\"column\">\n\t\t\t<div class=\"elementor-widget-wrap elementor-element-populated\">\n\t\t\t\t\t\t<div class=\"elementor-element elementor-element-203aef2 elementor-widget-divider--view-line elementor-widget elementor-widget-divider\" data-id=\"203aef2\" data-element_type=\"widget\" data-e-type=\"widget\" data-widget_type=\"divider.default\">\n\t\t\t\t<div class=\"elementor-widget-container\">\n\t\t\t\t\t\t\t<div class=\"elementor-divider\">\n\t\t\t<span class=\"elementor-divider-separator\">\n\t\t\t\t\t\t<\/span>\n\t\t<\/div>\n\t\t\t\t\t\t<\/div>\n\t\t\t\t<\/div>\n\t\t\t\t\t<\/div>\n\t\t<\/div>\n\t\t\t\t\t<\/div>\n\t\t<\/section>\n\t\t\t\t<\/div>\n\t\t","protected":false},"excerpt":{"rendered":"<p>pol\u00edtica anticorrup\u00e7\u00e3o Nossa pol\u00edtica anticorrup\u00e7\u00e3o Pol\u00edtica de Integridade e Anticorrup\u00e7\u00e3o do Instituto Ceres O Instituto Ceres refor\u00e7a seu compromisso com princ\u00edpios \u00e9ticos, legais e transparentes em todas as suas atividades. Nosso prop\u00f3sito \u00e9 atuar com responsabilidade e respeito, contribuindo para o desenvolvimento da cadeia de alimentos e bebidas no Brasil, preservando a integridade em cada [&hellip;]<\/p>\n","protected":false},"author":1,"featured_media":0,"parent":0,"menu_order":0,"comment_status":"closed","ping_status":"closed","template":"","meta":{"_uag_custom_page_level_css":"","site-sidebar-layout":"no-sidebar","site-content-layout":"page-builder","ast-site-content-layout":"full-width-container","site-content-style":"unboxed","site-sidebar-style":"unboxed","ast-global-header-display":"","ast-banner-title-visibility":"","ast-main-header-display":"","ast-hfb-above-header-display":"","ast-hfb-below-header-display":"","ast-hfb-mobile-header-display":"","site-post-title":"disabled","ast-breadcrumbs-content":"","ast-featured-img":"disabled","footer-sml-layout":"","ast-disable-related-posts":"","theme-transparent-header-meta":"enabled","adv-header-id-meta":"","stick-header-meta":"","header-above-stick-meta":"","header-main-stick-meta":"","header-below-stick-meta":"","astra-migrate-meta-layouts":"set","ast-page-background-enabled":"default","ast-page-background-meta":{"desktop":{"background-color":"var(--ast-global-color-4)","background-image":"","background-repeat":"repeat","background-position":"center center","background-size":"auto","background-attachment":"scroll","background-type":"","background-media":"","overlay-type":"","overlay-color":"","overlay-opacity":"","overlay-gradient":""},"tablet":{"background-color":"","background-image":"","background-repeat":"repeat","background-position":"center center","background-size":"auto","background-attachment":"scroll","background-type":"","background-media":"","overlay-type":"","overlay-color":"","overlay-opacity":"","overlay-gradient":""},"mobile":{"background-color":"","background-image":"","background-repeat":"repeat","background-position":"center center","background-size":"auto","background-attachment":"scroll","background-type":"","background-media":"","overlay-type":"","overlay-color":"","overlay-opacity":"","overlay-gradient":""}},"ast-content-background-meta":{"desktop":{"background-color":"var(--ast-global-color-5)","background-image":"","background-repeat":"repeat","background-position":"center center","background-size":"auto","background-attachment":"scroll","background-type":"","background-media":"","overlay-type":"","overlay-color":"","overlay-opacity":"","overlay-gradient":""},"tablet":{"background-color":"var(--ast-global-color-5)","background-image":"","background-repeat":"repeat","background-position":"center center","background-size":"auto","background-attachment":"scroll","background-type":"","background-media":"","overlay-type":"","overlay-color":"","overlay-opacity":"","overlay-gradient":""},"mobile":{"background-color":"var(--ast-global-color-5)","background-image":"","background-repeat":"repeat","background-position":"center center","background-size":"auto","background-attachment":"scroll","background-type":"","background-media":"","overlay-type":"","overlay-color":"","overlay-opacity":"","overlay-gradient":""}},"footnotes":""},"class_list":["post-2185","page","type-page","status-publish","hentry"],"_hostinger_reach_plugin_has_subscription_block":false,"_hostinger_reach_plugin_is_elementor":false,"uagb_featured_image_src":{"full":false,"thumbnail":false,"medium":false,"medium_large":false,"large":false,"1536x1536":false,"2048x2048":false,"woocommerce_thumbnail":false,"woocommerce_single":false,"woocommerce_gallery_thumbnail":false,"variation_swatches_image_size":false,"variation_swatches_tooltip_size":false},"uagb_author_info":{"display_name":"institutoceres.com.br","author_link":"https:\/\/institutoceres.com.br\/index.php\/author\/institutoceres-com-br\/"},"uagb_comment_info":0,"uagb_excerpt":"pol\u00edtica anticorrup\u00e7\u00e3o Nossa pol\u00edtica anticorrup\u00e7\u00e3o Pol\u00edtica de Integridade e Anticorrup\u00e7\u00e3o do Instituto Ceres O Instituto Ceres refor\u00e7a seu compromisso com princ\u00edpios \u00e9ticos, legais e transparentes em todas as suas atividades. Nosso prop\u00f3sito \u00e9 atuar com responsabilidade e respeito, contribuindo para o desenvolvimento da cadeia de alimentos e bebidas no Brasil, preservando a integridade em cada&hellip;","_links":{"self":[{"href":"https:\/\/institutoceres.com.br\/index.php\/wp-json\/wp\/v2\/pages\/2185","targetHints":{"allow":["GET"]}}],"collection":[{"href":"https:\/\/institutoceres.com.br\/index.php\/wp-json\/wp\/v2\/pages"}],"about":[{"href":"https:\/\/institutoceres.com.br\/index.php\/wp-json\/wp\/v2\/types\/page"}],"author":[{"embeddable":true,"href":"https:\/\/institutoceres.com.br\/index.php\/wp-json\/wp\/v2\/users\/1"}],"replies":[{"embeddable":true,"href":"https:\/\/institutoceres.com.br\/index.php\/wp-json\/wp\/v2\/comments?post=2185"}],"version-history":[{"count":7,"href":"https:\/\/institutoceres.com.br\/index.php\/wp-json\/wp\/v2\/pages\/2185\/revisions"}],"predecessor-version":[{"id":2193,"href":"https:\/\/institutoceres.com.br\/index.php\/wp-json\/wp\/v2\/pages\/2185\/revisions\/2193"}],"wp:attachment":[{"href":"https:\/\/institutoceres.com.br\/index.php\/wp-json\/wp\/v2\/media?parent=2185"}],"curies":[{"name":"wp","href":"https:\/\/api.w.org\/{rel}","templated":true}]}}