{"id":1570,"date":"2023-09-12T10:51:44","date_gmt":"2023-09-12T13:51:44","guid":{"rendered":"https:\/\/institutoceres.com.br\/?post_type=product&#038;p=1570"},"modified":"2023-09-12T10:52:28","modified_gmt":"2023-09-12T13:52:28","slug":"producao-de-cerveja-artesanal-a-vista","status":"publish","type":"product","link":"https:\/\/institutoceres.com.br\/index.php\/product\/producao-de-cerveja-artesanal-a-vista\/","title":{"rendered":"Produ\u00e7\u00e3o de Cerveja Artesanal &#8211; \u00e0 vista"},"content":{"rendered":"<div class=\"KVL47\">\n<div class=\"XP2Bud\">\n<div class=\"hReZbc\">\n<div class=\"mI4Zw\" dir=\"ltr\">Fa\u00e7a sua cerveja em casa! N\u00e3o importa se voc\u00ea mora em um apartamento pequeno. No curso de produ\u00e7\u00e3o de cerveja Ceres, temos 16 horas de teoria e pr\u00e1tica. Aqui o aluno p\u00f5e a m\u00e3o no malte.<\/div>\n<div class=\"mI4Zw\" dir=\"ltr\">As inscri\u00e7\u00f5es est\u00e3o abertas e as vagas s\u00e3o limitadas!<\/div>\n<\/div>\n<div dir=\"ltr\"><\/div>\n<div class=\"FYHzHb\">\n<div class=\"ZGkUVd\">\n<div class=\"VfPpkd-LgbsSe VfPpkd-LgbsSe-OWXEXe-INsAgc VfPpkd-LgbsSe-OWXEXe-Bz112c-M1Soyc VfPpkd-LgbsSe-OWXEXe-dgl2Hf Rj2Mlf OLiIxf PDpWxe LQeN7 m8xTld prDW\" data-idom-class=\"Rj2Mlf OLiIxf PDpWxe LQeN7 m8xTld prDW\"><\/div>\n<\/div>\n<\/div>\n<\/div>\n<\/div>\n<div class=\"rZnquf\">No curso voc\u00ea aprender\u00e1 sobre:<\/div>\n<div>&#8211; Brassagem (moagem, mostura, fervura, decanta\u00e7\u00e3o e resfriamento)<\/div>\n<div>&#8211; Fermenta\u00e7\u00e3o<\/div>\n<div>&#8211; Matura\u00e7\u00e3o<\/div>\n<div>&#8211; Envase<\/div>\n<div>&#8211; Assepsia<\/div>\n<div><\/div>\n<div>A aula \u00e9 dividida em duas etapas: uma te\u00f3rica e uma pr\u00e1tica. No s\u00e1bado, voc\u00ea ter\u00e1 uma aula teorica online e ao vivo, assim poder\u00e1 tirar d\u00favidas e se preparar para a aula pr\u00e1tica. No domingo voc\u00ea ir\u00e1 produzir sua cerveja!<\/div>\n<div><\/div>\n<div>Pr\u00f3xima turma com inscri\u00e7\u00f5es abertas (5 vagas)<\/div>\n<div>DATA: 30 de setembro e 01 de outubro<\/div>\n<div>INVESTIMENTO: R$ 440,0 (cart\u00e3o) e R$ 396,00 (\u00e0 vista) &#8211; PIX 29788856000155 (CNPJ)<\/div>\n<div>HOR\u00c1RIO: 9:00 \u00e0s 17:00<\/div>\n<div>ENDERE\u00c7O: Rua Leonardo Bezerra Cavalcante, 240 (VILLA DO MALTE) &#8211; Parnamirim &#8211; Recife PE<\/div>\n<div><\/div>\n","protected":false},"excerpt":{"rendered":"<div class=\"mI4Zw\" dir=\"ltr\">Fa\u00e7a sua cerveja em casa! N\u00e3o importa se voc\u00ea mora em um apartamento pequeno. No curso de produ\u00e7\u00e3o de cerveja Ceres, temos 16 horas de teoria e pr\u00e1tica. Aqui o aluno p\u00f5e a m\u00e3o no malte.<\/div>\n<div class=\"mI4Zw\" dir=\"ltr\"><\/div>\n","protected":false},"featured_media":0,"comment_status":"open","ping_status":"closed","template":"","meta":{"_uag_custom_page_level_css":"","site-sidebar-layout":"default","site-content-layout":"","ast-site-content-layout":"default","site-content-style":"default","site-sidebar-style":"default","ast-global-header-display":"","ast-banner-title-visibility":"","ast-main-header-display":"","ast-hfb-above-header-display":"","ast-hfb-below-header-display":"","ast-hfb-mobile-header-display":"","site-post-title":"","ast-breadcrumbs-content":"","ast-featured-img":"","footer-sml-layout":"","ast-disable-related-posts":"","theme-transparent-header-meta":"default","adv-header-id-meta":"","stick-header-meta":"","header-above-stick-meta":"","header-main-stick-meta":"","header-below-stick-meta":"","astra-migrate-meta-layouts":"set","ast-page-background-enabled":"default","ast-page-background-meta":{"desktop":{"background-color":"var(--ast-global-color-4)","background-image":"","background-repeat":"repeat","background-position":"center center","background-size":"auto","background-attachment":"scroll","background-type":"","background-media":"","overlay-type":"","overlay-color":"","overlay-opacity":"","overlay-gradient":""},"tablet":{"background-color":"","background-image":"","background-repeat":"repeat","background-position":"center center","background-size":"auto","background-attachment":"scroll","background-type":"","background-media":"","overlay-type":"","overlay-color":"","overlay-opacity":"","overlay-gradient":""},"mobile":{"background-color":"","background-image":"","background-repeat":"repeat","background-position":"center center","background-size":"auto","background-attachment":"scroll","background-type":"","background-media":"","overlay-type":"","overlay-color":"","overlay-opacity":"","overlay-gradient":""}},"ast-content-background-meta":{"desktop":{"background-color":"var(--ast-global-color-5)","background-image":"","background-repeat":"repeat","background-position":"center center","background-size":"auto","background-attachment":"scroll","background-type":"","background-media":"","overlay-type":"","overlay-color":"","overlay-opacity":"","overlay-gradient":""},"tablet":{"background-color":"var(--ast-global-color-5)","background-image":"","background-repeat":"repeat","background-position":"center center","background-size":"auto","background-attachment":"scroll","background-type":"","background-media":"","overlay-type":"","overlay-color":"","overlay-opacity":"","overlay-gradient":""},"mobile":{"background-color":"var(--ast-global-color-5)","background-image":"","background-repeat":"repeat","background-position":"center center","background-size":"auto","background-attachment":"scroll","background-type":"","background-media":"","overlay-type":"","overlay-color":"","overlay-opacity":"","overlay-gradient":""}}},"product_brand":[],"product_cat":[15],"product_tag":[],"class_list":{"0":"post-1570","1":"product","2":"type-product","3":"status-publish","5":"product_cat-uncategorized","6":"desktop-align-center","7":"tablet-align-left","8":"mobile-align-left","10":"first","11":"instock","12":"shipping-taxable","13":"purchasable","14":"product-type-simple"},"uagb_featured_image_src":{"full":false,"thumbnail":false,"medium":false,"medium_large":false,"large":false,"1536x1536":false,"2048x2048":false,"woocommerce_thumbnail":false,"woocommerce_single":false,"woocommerce_gallery_thumbnail":false,"variation_swatches_image_size":false,"variation_swatches_tooltip_size":false},"uagb_author_info":{"display_name":"institutoceres.com.br","author_link":"https:\/\/institutoceres.com.br\/index.php\/author\/"},"uagb_comment_info":0,"uagb_excerpt":"Fa\u00e7a sua cerveja em casa! N\u00e3o importa se voc\u00ea mora em um apartamento pequeno. No curso de produ\u00e7\u00e3o de cerveja Ceres, temos 16 horas de teoria e pr\u00e1tica. Aqui o aluno p\u00f5e a m\u00e3o no malte.","_links":{"self":[{"href":"https:\/\/institutoceres.com.br\/index.php\/wp-json\/wp\/v2\/product\/1570","targetHints":{"allow":["GET"]}}],"collection":[{"href":"https:\/\/institutoceres.com.br\/index.php\/wp-json\/wp\/v2\/product"}],"about":[{"href":"https:\/\/institutoceres.com.br\/index.php\/wp-json\/wp\/v2\/types\/product"}],"replies":[{"embeddable":true,"href":"https:\/\/institutoceres.com.br\/index.php\/wp-json\/wp\/v2\/comments?post=1570"}],"wp:attachment":[{"href":"https:\/\/institutoceres.com.br\/index.php\/wp-json\/wp\/v2\/media?parent=1570"}],"wp:term":[{"taxonomy":"product_brand","embeddable":true,"href":"https:\/\/institutoceres.com.br\/index.php\/wp-json\/wp\/v2\/product_brand?post=1570"},{"taxonomy":"product_cat","embeddable":true,"href":"https:\/\/institutoceres.com.br\/index.php\/wp-json\/wp\/v2\/product_cat?post=1570"},{"taxonomy":"product_tag","embeddable":true,"href":"https:\/\/institutoceres.com.br\/index.php\/wp-json\/wp\/v2\/product_tag?post=1570"}],"curies":[{"name":"wp","href":"https:\/\/api.w.org\/{rel}","templated":true}]}}